{"id":2,"date":"2022-07-27T02:01:59","date_gmt":"2022-07-26T23:01:59","guid":{"rendered":"https:\/\/www.pervindincerpoliklinik.com\/de\/?page_id=2"},"modified":"2023-11-22T16:10:19","modified_gmt":"2023-11-22T13:10:19","slug":"kontakt","status":"publish","type":"page","link":"https:\/\/www.pervindincerpoliklinik.com\/de\/kontakt\/","title":{"rendered":"Kontakt"},"content":{"rendered":"<h2>BAKIRK\u00d6Y<\/h2>\n<p><strong>Telefon :<\/strong>\u00a0<a href=\"tel:+902125722016\">0212 572 20 16<\/a>\u00a0(17)<\/p>\n<p><strong>Adresse: <\/strong>\u0130stanbul Cad. Zeytinlik Mah. Halk\u00e7\u0131 Sk. Marmara Apt. Kat:4 Daire:7<br \/>\nBak\u0131rk\u00f6y \u2013 \u0130stanbul (Carusel Al\u0131\u015fveri\u015f Merkezi Ana Kap\u0131 Kar\u015f\u0131s\u0131)<\/p>\n<p>&nbsp;<\/p>\n<h2>N\u0130\u015eANTA\u015eI<\/h2>\n<p><strong>Telefon :\u00a0<\/strong><a href=\"tel:+902122963394\">0212 296 33 94<\/a><\/p>\n<p><strong>Adresse: <\/strong>Te\u015fvikiye cad. no: 33 Daire:7 \u2013 Ni\u015fanta\u015f\u0131<\/p>\n","protected":false},"excerpt":{"rendered":"<p>BAKIRK\u00d6Y Telefon :\u00a00212 572 20 16\u00a0(17) Adresse: \u0130stanbul Cad. Zeytinlik Mah. Halk\u00e7\u0131 Sk. Marmara Apt. Kat:4 Daire:7 Bak\u0131rk\u00f6y \u2013 \u0130stanbul (Carusel Al\u0131\u015fveri\u015f Merkezi Ana Kap\u0131 Kar\u015f\u0131s\u0131) &nbsp; N\u0130\u015eANTA\u015eI Telefon :\u00a00212 296 33 94 Adresse: Te\u015fvikiye cad. no: 33 Daire:7 \u2013 Ni\u015fanta\u015f\u0131<\/p>\n","protected":false},"author":1,"featured_media":0,"parent":0,"menu_order":0,"comment_status":"closed","ping_status":"open","template":"","meta":{"footnotes":""},"class_list":["post-2","page","type-page","status-publish","hentry"],"_links":{"self":[{"href":"https:\/\/www.pervindincerpoliklinik.com\/de\/wp-json\/wp\/v2\/pages\/2","targetHints":{"allow":["GET"]}}],"collection":[{"href":"https:\/\/www.pervindincerpoliklinik.com\/de\/wp-json\/wp\/v2\/pages"}],"about":[{"href":"https:\/\/www.pervindincerpoliklinik.com\/de\/wp-json\/wp\/v2\/types\/page"}],"author":[{"embeddable":true,"href":"https:\/\/www.pervindincerpoliklinik.com\/de\/wp-json\/wp\/v2\/users\/1"}],"replies":[{"embeddable":true,"href":"https:\/\/www.pervindincerpoliklinik.com\/de\/wp-json\/wp\/v2\/comments?post=2"}],"version-history":[{"count":4,"href":"https:\/\/www.pervindincerpoliklinik.com\/de\/wp-json\/wp\/v2\/pages\/2\/revisions"}],"predecessor-version":[{"id":85,"href":"https:\/\/www.pervindincerpoliklinik.com\/de\/wp-json\/wp\/v2\/pages\/2\/revisions\/85"}],"wp:attachment":[{"href":"https:\/\/www.pervindincerpoliklinik.com\/de\/wp-json\/wp\/v2\/media?parent=2"}],"curies":[{"name":"wp","href":"https:\/\/api.w.org\/{rel}","templated":true}]}}