{"id":31,"date":"2022-07-27T02:19:34","date_gmt":"2022-07-26T23:19:34","guid":{"rendered":"https:\/\/www.pervindincerpoliklinik.com\/de\/?page_id=31"},"modified":"2026-03-12T18:52:49","modified_gmt":"2026-03-12T15:52:49","slug":"uber-mich","status":"publish","type":"page","link":"https:\/\/www.pervindincerpoliklinik.com\/de\/uber-mich\/","title":{"rendered":"\u00dcber mich"},"content":{"rendered":"<p><img loading=\"lazy\" decoding=\"async\" class=\"alignnone size-full wp-image-73\" src=\"https:\/\/www.pervindincerpoliklinik.com\/de\/wp-content\/uploads\/2023\/11\/pervindincer.jpg\" alt=\"\" width=\"900\" height=\"400\" srcset=\"https:\/\/www.pervindincerpoliklinik.com\/de\/wp-content\/uploads\/2023\/11\/pervindincer.jpg 900w, https:\/\/www.pervindincerpoliklinik.com\/de\/wp-content\/uploads\/2023\/11\/pervindincer-300x133.jpg 300w, https:\/\/www.pervindincerpoliklinik.com\/de\/wp-content\/uploads\/2023\/11\/pervindincer-768x341.jpg 768w\" sizes=\"auto, (max-width: 900px) 100vw, 900px\" \/><\/p>\n<p><span style=\"vertical-align: inherit;\"><span style=\"vertical-align: inherit;\">Er absolvierte die Beykent-Universit\u00e4t, Fakult\u00e4t f\u00fcr Bildende K\u00fcnste, Abteilung f\u00fcr Grafikdesign. <\/span><span style=\"vertical-align: inherit;\">Nach ihrem Abschluss machte sie jedoch den ersten Schritt in Richtung Kosmetikerin, indem sie an Zertifikatsprogrammen f\u00fcr Kosmetikerinnen teilnahm, um ihren Traum zu verwirklichen. <\/span><span style=\"vertical-align: inherit;\">Nach ihrer Ausbildung in der T\u00fcrkei besuchte sie den Sch\u00f6nheitstherapiekurs am Pure Skin Institute in Paris.<\/span><\/span><\/p>\n<p><span style=\"vertical-align: inherit;\"><span style=\"vertical-align: inherit;\">Pervin Din\u00e7er, die ihre Kunden seit mehr als 15 Jahren mit einem Team von 35 \u00c4rzten und Kosmetikern in der Sch\u00f6nheitsbranche bei Lzrline Clinics und Pervin Din\u00e7er Consultancy betreut, nimmt h\u00e4ufig an Treffen im Ausland und im Inland teil, um die Innovationen und Entwicklungen in der Sch\u00f6nheitsbranche genau zu verfolgen &#8211; \u00c4sthetiksektor, und sie und ihr Team beteiligen sich an Bildungsorganisationen zur Entwicklung von<\/span><\/span><\/p>\n<p><span style=\"vertical-align: inherit;\"><span style=\"vertical-align: inherit;\">Pervin Din\u00e7er, der viele Neuheiten in der Branche erzielt hat, spielte auch eine wichtige Rolle dabei, viele Ger\u00e4te in der T\u00fcrkei bekannt und beliebt zu machen.<\/span><\/span><\/p>\n<p><span style=\"vertical-align: inherit;\"><span style=\"vertical-align: inherit;\">Pervin Din\u00e7er, die an Kommunikation und die starke Bindung, die sie zu ihren Kunden aufbaut, glaubt, verf\u00fcgt \u00fcber ein Profil, das sie gut kennt, sch\u00e4tzt und ihren Ideen in den schriftlichen und visuellen Medien vertraut. <\/span><span style=\"vertical-align: inherit;\">Bisher bereitete er Sondernachrichten f\u00fcr die Hauptnachrichten der Mainstream-Medien vor, und sein Team arbeitete seit zwei Jahren an den \u00c4nderungen der Kandidaten im \u00c4nderungsteil der Sendung mit Esra Erol auf FOX TV und an den \u00c4nderungen einer der Teilnehmer der Sendung mit Emel Acar in der Sendung En Ba\u015ftan auf Show TV f\u00fcr zwei Jahre. Er unterschrieb bei. <\/span><span style=\"vertical-align: inherit;\">Er nahm auch an der Sendung \u201eStyle by Juri\u201c auf Fox TV teil. <\/span><span style=\"vertical-align: inherit;\">Derzeit gibt sie Paaren Ratschl\u00e4ge zu Sch\u00f6nheit und Pflege und gibt ihnen Hausaufgaben in der Sendung \u201eMarriage School\u201c, die tags\u00fcber auf TRT1 ausgestrahlt wird.<\/span><\/span><\/p>\n<p><span style=\"vertical-align: inherit;\"><span style=\"vertical-align: inherit;\">Neben dem Fernsehen schreibt er f\u00fcr die Zeitschriften Ak\u015fam Newspaper, H\u00fcrriyet Aile, Leydi T\u00fcrk, gecce.com, flashflash.com, Aysha und Bestyle.<\/span><\/span><\/p>\n<p><span style=\"vertical-align: inherit;\"><span style=\"vertical-align: inherit;\">Er hat etwa 160.000 Follower auf Instagram. <\/span><span style=\"vertical-align: inherit;\">Pervin Din\u00e7er, die ihren YouTube-Kanal f\u00fcr ihre Kunden und Follower freigeschaltet hat, wird auf ihrem Kanal ab sofort regelm\u00e4\u00dfig Fragen und Videos zu ihrer Expertise teilen.<\/span><\/span><\/p>\n<p><span style=\"vertical-align: inherit;\"><span style=\"vertical-align: inherit;\">Pervin Din\u00e7er und ihr Team f\u00fchren auch Haut- und K\u00f6rperbehandlungen an ber\u00fchmten Gesichtern durch, die wir aus dem Fernsehen und den sozialen Medien gut kennen.<\/span><\/span><\/p>\n<p><span style=\"vertical-align: inherit;\"><span style=\"vertical-align: inherit;\">Pervin Din\u00e7er, der Wert auf das Familienleben legt, ist mit Ozan Bar\u0131\u015f Din\u00e7er verheiratet und das Paar hat eine 8-j\u00e4hrige Tochter namens G\u00fcne\u015f.<\/span><\/span><\/p>\n","protected":false},"excerpt":{"rendered":"<p>Er absolvierte die Beykent-Universit\u00e4t, Fakult\u00e4t f\u00fcr Bildende K\u00fcnste, Abteilung f\u00fcr Grafikdesign. Nach ihrem Abschluss machte sie jedoch den ersten Schritt in Richtung Kosmetikerin, indem sie an Zertifikatsprogrammen f\u00fcr Kosmetikerinnen teilnahm, um ihren Traum zu verwirklichen. Nach ihrer Ausbildung in der T\u00fcrkei besuchte sie den Sch\u00f6nheitstherapiekurs am Pure Skin Institute in Paris. Pervin Din\u00e7er, die ihre [&hellip;]<\/p>\n","protected":false},"author":1,"featured_media":73,"parent":0,"menu_order":0,"comment_status":"closed","ping_status":"closed","template":"","meta":{"footnotes":""},"class_list":["post-31","page","type-page","status-publish","has-post-thumbnail","hentry"],"_links":{"self":[{"href":"https:\/\/www.pervindincerpoliklinik.com\/de\/wp-json\/wp\/v2\/pages\/31","targetHints":{"allow":["GET"]}}],"collection":[{"href":"https:\/\/www.pervindincerpoliklinik.com\/de\/wp-json\/wp\/v2\/pages"}],"about":[{"href":"https:\/\/www.pervindincerpoliklinik.com\/de\/wp-json\/wp\/v2\/types\/page"}],"author":[{"embeddable":true,"href":"https:\/\/www.pervindincerpoliklinik.com\/de\/wp-json\/wp\/v2\/users\/1"}],"replies":[{"embeddable":true,"href":"https:\/\/www.pervindincerpoliklinik.com\/de\/wp-json\/wp\/v2\/comments?post=31"}],"version-history":[{"count":17,"href":"https:\/\/www.pervindincerpoliklinik.com\/de\/wp-json\/wp\/v2\/pages\/31\/revisions"}],"predecessor-version":[{"id":101,"href":"https:\/\/www.pervindincerpoliklinik.com\/de\/wp-json\/wp\/v2\/pages\/31\/revisions\/101"}],"wp:featuredmedia":[{"embeddable":true,"href":"https:\/\/www.pervindincerpoliklinik.com\/de\/wp-json\/wp\/v2\/media\/73"}],"wp:attachment":[{"href":"https:\/\/www.pervindincerpoliklinik.com\/de\/wp-json\/wp\/v2\/media?parent=31"}],"curies":[{"name":"wp","href":"https:\/\/api.w.org\/{rel}","templated":true}]}}