{"id":31,"date":"2022-07-27T02:19:34","date_gmt":"2022-07-26T23:19:34","guid":{"rendered":"https:\/\/www.pervindincerpoliklinik.com\/en\/?page_id=31"},"modified":"2026-03-12T18:50:21","modified_gmt":"2026-03-12T15:50:21","slug":"about-me","status":"publish","type":"page","link":"https:\/\/www.pervindincerpoliklinik.com\/en\/about-me\/","title":{"rendered":"About Me"},"content":{"rendered":"<p><img loading=\"lazy\" decoding=\"async\" class=\"alignnone size-full wp-image-73\" src=\"https:\/\/www.pervindincerpoliklinik.com\/en\/wp-content\/uploads\/2023\/11\/pervindincer.jpg\" alt=\"\" width=\"900\" height=\"400\" srcset=\"https:\/\/www.pervindincerpoliklinik.com\/en\/wp-content\/uploads\/2023\/11\/pervindincer.jpg 900w, https:\/\/www.pervindincerpoliklinik.com\/en\/wp-content\/uploads\/2023\/11\/pervindincer-300x133.jpg 300w, https:\/\/www.pervindincerpoliklinik.com\/en\/wp-content\/uploads\/2023\/11\/pervindincer-768x341.jpg 768w\" sizes=\"auto, (max-width: 900px) 100vw, 900px\" \/><\/p>\n<p><span style=\"vertical-align: inherit;\"><span style=\"vertical-align: inherit;\">He graduated from Beykent University, Faculty of Fine Arts, Department of Graphic Design. <\/span><span style=\"vertical-align: inherit;\">However, after graduation, she took the first step towards becoming a beautician by participating in beautician certificate programs to realize her dream. <\/span><span style=\"vertical-align: inherit;\">After her education in Turkey, she attended the beauty therapy course at Pure Skin Institute in Paris.<\/span><\/span><\/p>\n<p><span style=\"vertical-align: inherit;\"><span style=\"vertical-align: inherit;\">Pervin Din\u00e7er, who has been serving her clients with a staff of 35 doctors and estheticians in the beauty industry at Lzrline Clinics and Pervin Din\u00e7er Consultancy for more than 15 years, frequently attends meetings abroad and domestically to closely follow the innovations and developments in the beauty &#8211; aesthetics sector, and she and her team Takes part in educational organizations for the development of<\/span><\/span><\/p>\n<p><span style=\"vertical-align: inherit;\"><span style=\"vertical-align: inherit;\">Pervin Din\u00e7er, who has achieved many firsts in the sector, also played an important role in making many devices known and popular in Turkey.<\/span><\/span><\/p>\n<p><span style=\"vertical-align: inherit;\"><span style=\"vertical-align: inherit;\">Pervin Din\u00e7er, who believes in communication and the strong bond she establishes with her clients, has a profile that she knows well, values \u200b\u200band trusts her ideas in the written and visual media. <\/span><span style=\"vertical-align: inherit;\">To date, he has prepared special news for the main news in the mainstream media, and his team has been working on the changes of the candidates in the change section of the program with Esra Erol on FOX TV for two years, and on the changes of the participants in the program with Emel Acar in the En Ba\u015ftan program on Show TV for two years. He signed with. <\/span><span style=\"vertical-align: inherit;\">He also took part in the Style by Juri program on Fox TV. <\/span><span style=\"vertical-align: inherit;\">Currently, she gives advice to couples about beauty and care and gives them homework in the program called Marriage School, which is broadcast in the daytime on TRT1.<\/span><\/span><\/p>\n<p><span style=\"vertical-align: inherit;\"><span style=\"vertical-align: inherit;\"><span style=\"vertical-align: inherit;\"><span style=\"vertical-align: inherit;\">In addition to television, he writes for Ak\u015fam Newspaper, H\u00fcrriyet Aile, Leydi T\u00fcrk, gecce.com, flashflash.com, Aysha and Bestyle magazines.<\/span><\/span><\/span><\/span><\/p>\n<p><span style=\"vertical-align: inherit;\"><span style=\"vertical-align: inherit;\">He has approximately 160 thousand followers on Instagram. <\/span><span style=\"vertical-align: inherit;\">Pervin Din\u00e7er, who has activated her YouTube channel for her clients and followers, will from now on regularly share questions and videos about her expertise on her channel.<\/span><\/span><\/p>\n<p><span style=\"vertical-align: inherit;\"><span style=\"vertical-align: inherit;\">Pervin Din\u00e7er and her team also perform skin and body treatments on famous faces we know well from television and social media.<\/span><\/span><\/p>\n<p><span style=\"vertical-align: inherit;\"><span style=\"vertical-align: inherit;\"><span style=\"vertical-align: inherit;\"><span style=\"vertical-align: inherit;\">Pervin Din\u00e7er, who attaches importance to family life, is married to Ozan Bar\u0131\u015f Din\u00e7er and the couple has an 8-year-old daughter named G\u00fcne\u015f.<\/span><\/span><\/span><\/span><\/p>\n","protected":false},"excerpt":{"rendered":"<p>He graduated from Beykent University, Faculty of Fine Arts, Department of Graphic Design. However, after graduation, she took the first step towards becoming a beautician by participating in beautician certificate programs to realize her dream. After her education in Turkey, she attended the beauty therapy course at Pure Skin Institute in Paris. Pervin Din\u00e7er, who [&hellip;]<\/p>\n","protected":false},"author":1,"featured_media":73,"parent":0,"menu_order":0,"comment_status":"closed","ping_status":"closed","template":"","meta":{"footnotes":""},"class_list":["post-31","page","type-page","status-publish","has-post-thumbnail","hentry"],"_links":{"self":[{"href":"https:\/\/www.pervindincerpoliklinik.com\/en\/wp-json\/wp\/v2\/pages\/31","targetHints":{"allow":["GET"]}}],"collection":[{"href":"https:\/\/www.pervindincerpoliklinik.com\/en\/wp-json\/wp\/v2\/pages"}],"about":[{"href":"https:\/\/www.pervindincerpoliklinik.com\/en\/wp-json\/wp\/v2\/types\/page"}],"author":[{"embeddable":true,"href":"https:\/\/www.pervindincerpoliklinik.com\/en\/wp-json\/wp\/v2\/users\/1"}],"replies":[{"embeddable":true,"href":"https:\/\/www.pervindincerpoliklinik.com\/en\/wp-json\/wp\/v2\/comments?post=31"}],"version-history":[{"count":18,"href":"https:\/\/www.pervindincerpoliklinik.com\/en\/wp-json\/wp\/v2\/pages\/31\/revisions"}],"predecessor-version":[{"id":99,"href":"https:\/\/www.pervindincerpoliklinik.com\/en\/wp-json\/wp\/v2\/pages\/31\/revisions\/99"}],"wp:featuredmedia":[{"embeddable":true,"href":"https:\/\/www.pervindincerpoliklinik.com\/en\/wp-json\/wp\/v2\/media\/73"}],"wp:attachment":[{"href":"https:\/\/www.pervindincerpoliklinik.com\/en\/wp-json\/wp\/v2\/media?parent=31"}],"curies":[{"name":"wp","href":"https:\/\/api.w.org\/{rel}","templated":true}]}}